{"id":1100,"date":"2026-04-16T10:39:45","date_gmt":"2026-04-16T03:39:45","guid":{"rendered":"https:\/\/minichanjp.com\/?post_type=product&#038;p=1100"},"modified":"2026-04-16T10:39:45","modified_gmt":"2026-04-16T03:39:45","slug":"titanium-steel-cats-eye-bracelet-with-copper-plating","status":"publish","type":"product","link":"https:\/\/minichanjp.com\/?product=titanium-steel-cats-eye-bracelet-with-copper-plating","title":{"rendered":"Titanium Steel Cat&#8217;s Eye Bracelet with Copper Plating"},"content":{"rendered":"<p class=\"QN2lPu\">\ud83c\udf80C\u1eeda h\u00e0ng ch\u1ee7 y\u1ebfu b\u00e1n bu\u00f4n t\u1ea5t c\u1ea3 c\u00e1c lo\u1ea1i ph\u1ee5 ki\u1ec7n\u2640S\u1ed1 l\u01b0\u1ee3ng l\u1edbn v\u00e0 gi\u00e1 tuy\u1ec7t v\u1eddi, ch\u00e0o m\u1eebng b\u1ea1n \u0111\u1ebfn mua\ud83c\udf89<\/p>\n<p class=\"QN2lPu\">\n<p class=\"QN2lPu\">\ud83c\udf88C\u00f2n h\u00e0ng ~ ~<\/p>\n<p class=\"QN2lPu\">\n<p class=\"QN2lPu\">[Ch\u1ea5t li\u1ec7u] Th\u00e9p titan<\/p>\n<p class=\"QN2lPu\">[K\u00edch th\u01b0\u1edbc] \u0110\u01b0\u1eddng k\u00ednh b\u00ean trong 6,8cm (Th\u00edch h\u1ee3p cho 90% c\u1ed5 tay b\u00e9 g\u00e1i)<\/p>\n<p class=\"QN2lPu\">\n<p class=\"QN2lPu\">\ud83d\udd25N\u1ebfu C\u00f3 V\u1ea5n \u0110\u1ec1 Sau Khi Nh\u1eadn H\u00e0ng, L\u00f4 H\u00e0ng \u00cdt H\u01a1n, H\u1eadu C\u1ea7n Ch\u1eadm V\u00e0 L\u1ed7i, Vui L\u00f2ng Li\u00ean H\u1ec7 V\u1edbi Ch\u00fang T\u00f4i \u0110\u1ec3 Gi\u1ea3i Quy\u1ebft, Th\u00e2n m\u1ebfn!! \ufe0f<\/p>\n<p class=\"QN2lPu\">\u3297\ufe0fHoa h\u1eadu, M\u1ed7i ng\u00e0y \u0111\u1ec1u tr\u00e0n \u0111\u1ea7y s\u1ee9c s\u1ed1ng, ch\u00fac may m\u1eafn\u2728\u2728\u2728<\/p>\n","protected":false},"excerpt":{"rendered":"<p>\ud83c\udf80C\u1eeda h\u00e0ng ch\u1ee7 y\u1ebfu b\u00e1n bu\u00f4n t\u1ea5t c\u1ea3 c\u00e1c lo\u1ea1i ph\u1ee5 ki\u1ec7n\u2640S\u1ed1 l\u01b0\u1ee3ng l\u1edbn v\u00e0 gi\u00e1 tuy\u1ec7t v\u1eddi, ch\u00e0o m\u1eebng b\u1ea1n \u0111\u1ebfn mua\ud83c\udf89 \ud83c\udf88C\u00f2n h\u00e0ng ~ ~ [Ch\u1ea5t li\u1ec7u] Th\u00e9p titan [K\u00edch th\u01b0\u1edbc] \u0110\u01b0\u1eddng k\u00ednh b\u00ean trong 6,8cm (Th\u00edch h\u1ee3p cho 90% c\u1ed5 tay b\u00e9 g\u00e1i) \ud83d\udd25N\u1ebfu C\u00f3 V\u1ea5n \u0110\u1ec1 Sau Khi Nh\u1eadn H\u00e0ng, L\u00f4 [&#8230;]\n","protected":false},"featured_media":1101,"comment_status":"open","ping_status":"closed","template":"","meta":[],"product_brand":[],"product_cat":[60],"product_tag":[],"class_list":{"0":"post-1100","1":"product","2":"type-product","3":"status-publish","4":"has-post-thumbnail","6":"product_cat-orther","8":"first","9":"instock","10":"shipping-taxable","11":"purchasable","12":"product-type-simple"},"_links":{"self":[{"href":"https:\/\/minichanjp.com\/index.php?rest_route=\/wp\/v2\/product\/1100","targetHints":{"allow":["GET"]}}],"collection":[{"href":"https:\/\/minichanjp.com\/index.php?rest_route=\/wp\/v2\/product"}],"about":[{"href":"https:\/\/minichanjp.com\/index.php?rest_route=\/wp\/v2\/types\/product"}],"replies":[{"embeddable":true,"href":"https:\/\/minichanjp.com\/index.php?rest_route=%2Fwp%2Fv2%2Fcomments&post=1100"}],"wp:featuredmedia":[{"embeddable":true,"href":"https:\/\/minichanjp.com\/index.php?rest_route=\/wp\/v2\/media\/1101"}],"wp:attachment":[{"href":"https:\/\/minichanjp.com\/index.php?rest_route=%2Fwp%2Fv2%2Fmedia&parent=1100"}],"wp:term":[{"taxonomy":"product_brand","embeddable":true,"href":"https:\/\/minichanjp.com\/index.php?rest_route=%2Fwp%2Fv2%2Fproduct_brand&post=1100"},{"taxonomy":"product_cat","embeddable":true,"href":"https:\/\/minichanjp.com\/index.php?rest_route=%2Fwp%2Fv2%2Fproduct_cat&post=1100"},{"taxonomy":"product_tag","embeddable":true,"href":"https:\/\/minichanjp.com\/index.php?rest_route=%2Fwp%2Fv2%2Fproduct_tag&post=1100"}],"curies":[{"name":"wp","href":"https:\/\/api.w.org\/{rel}","templated":true}]}}